{"id":1501,"date":"2024-07-05T00:58:56","date_gmt":"2024-07-05T00:58:56","guid":{"rendered":"https:\/\/sadico.ximangtaydo.net\/?page_id=1501"},"modified":"2024-08-10T09:23:08","modified_gmt":"2024-08-10T02:23:08","slug":"ho-so-sadico-can-tho-sdg","status":"publish","type":"page","link":"https:\/\/sadico.com.vn\/en\/quan-he-co-dong\/ho-so-sadico-can-tho-sdg\/","title":{"rendered":"SADICO Can Tho Profile (SDG)"},"content":{"rendered":"\t\t<div data-elementor-type=\"wp-page\" data-elementor-id=\"1501\" class=\"elementor elementor-1501\" data-elementor-post-type=\"page\">\n\t\t\t\t<div class=\"elementor-element elementor-element-9dc4f18 elementor-hidden-mobile e-flex e-con-boxed e-con e-parent\" data-id=\"9dc4f18\" data-element_type=\"container\">\n\t\t\t\t\t<div class=\"e-con-inner\">\n\t\t\t\t<div class=\"elementor-element elementor-element-e9876e8 elementor-nav-menu__align-center elementor-nav-menu--dropdown-mobile elementor-nav-menu__text-align-center elementor-widget elementor-widget-nav-menu\" data-id=\"e9876e8\" data-element_type=\"widget\" data-settings=\"{&quot;layout&quot;:&quot;horizontal&quot;,&quot;submenu_icon&quot;:{&quot;value&quot;:&quot;&lt;svg class=\\&quot;e-font-icon-svg e-fas-caret-down\\&quot; viewBox=\\&quot;0 0 320 512\\&quot; xmlns=\\&quot;http:\\\/\\\/www.w3.org\\\/2000\\\/svg\\&quot;&gt;&lt;path d=\\&quot;M31.3 192h257.3c17.8 0 26.7 21.5 14.1 34.1L174.1 354.8c-7.8 7.8-20.5 7.8-28.3 0L17.2 226.1C4.6 213.5 13.5 192 31.3 192z\\&quot;&gt;&lt;\\\/path&gt;&lt;\\\/svg&gt;&quot;,&quot;library&quot;:&quot;fa-solid&quot;}}\" data-widget_type=\"nav-menu.default\">\n\t\t\t\t<div class=\"elementor-widget-container\">\n\t\t\t<link rel=\"stylesheet\" href=\"https:\/\/sadico.com.vn\/wp-content\/plugins\/elementor-pro\/assets\/css\/widget-nav-menu.min.css?ver=1726472472\">\t\t\t<nav aria-label=\"Menu\" class=\"elementor-nav-menu--main elementor-nav-menu__container elementor-nav-menu--layout-horizontal e--pointer-underline e--animation-fade\">\n\t\t\t\t<ul id=\"menu-1-e9876e8\" class=\"elementor-nav-menu\"><li class=\"menu-item menu-item-type-post_type menu-item-object-page menu-item-4458\"><a href=\"https:\/\/sadico.com.vn\/en\/quan-he-co-dong\/tin-tuc-co-dong\/\" class=\"elementor-item\">Tin t\u1ee9c c\u1ed5 \u0111\u00f4ng<\/a><\/li>\n<li class=\"menu-item menu-item-type-post_type menu-item-object-page menu-item-2793\"><a href=\"https:\/\/sadico.com.vn\/en\/quan-he-co-dong\/dieu-le-to-chuc-va-hoat-dong\/\" class=\"elementor-item\">\u0110i\u1ec1u l\u1ec7 t\u1ed5 ch\u1ee9c v\u00e0 ho\u1ea1t \u0111\u1ed9ng<\/a><\/li>\n<li class=\"menu-item menu-item-type-post_type menu-item-object-page menu-item-2796\"><a href=\"https:\/\/sadico.com.vn\/en\/quan-he-co-dong\/quy-che-noi-bo-ve-quan-tri\/\" class=\"elementor-item\">Quy ch\u1ebf n\u1ed9i b\u1ed9 v\u1ec1 qu\u1ea3n tr\u1ecb<\/a><\/li>\n<li class=\"menu-item menu-item-type-post_type menu-item-object-page menu-item-2795\"><a href=\"https:\/\/sadico.com.vn\/en\/quan-he-co-dong\/nghi-quyet-dhdcd-hdqt\/\" class=\"elementor-item\">Ngh\u1ecb quy\u1ebft \u0110H\u0110C\u0110\/H\u0110QT<\/a><\/li>\n<li class=\"menu-item menu-item-type-post_type menu-item-object-page menu-item-2791\"><a href=\"https:\/\/sadico.com.vn\/en\/quan-he-co-dong\/bao-cao-tai-chinh\/\" class=\"elementor-item\">B\u00e1o c\u00e1o t\u00e0i ch\u00ednh<\/a><\/li>\n<li class=\"menu-item menu-item-type-post_type menu-item-object-page menu-item-2792\"><a href=\"https:\/\/sadico.com.vn\/en\/quan-he-co-dong\/cac-van-ban-khac\/\" class=\"elementor-item\">C\u00e1c v\u0103n b\u1ea3n kh\u00e1c<\/a><\/li>\n<li class=\"menu-item menu-item-type-post_type menu-item-object-page menu-item-2794\"><a href=\"https:\/\/sadico.com.vn\/en\/quan-he-co-dong\/ho-so-sadico-can-tho-sdg\/\" class=\"elementor-item\">H\u1ed3 s\u01a1 SADICO C\u1ea7n Th\u01a1 (SDG)<\/a><\/li>\n<\/ul>\t\t\t<\/nav>\n\t\t\t\t\t\t<nav class=\"elementor-nav-menu--dropdown elementor-nav-menu__container\" aria-hidden=\"true\">\n\t\t\t\t<ul id=\"menu-2-e9876e8\" class=\"elementor-nav-menu\"><li class=\"menu-item menu-item-type-post_type menu-item-object-page menu-item-4458\"><a href=\"https:\/\/sadico.com.vn\/en\/quan-he-co-dong\/tin-tuc-co-dong\/\" class=\"elementor-item\" tabindex=\"-1\">Tin t\u1ee9c c\u1ed5 \u0111\u00f4ng<\/a><\/li>\n<li class=\"menu-item menu-item-type-post_type menu-item-object-page menu-item-2793\"><a href=\"https:\/\/sadico.com.vn\/en\/quan-he-co-dong\/dieu-le-to-chuc-va-hoat-dong\/\" class=\"elementor-item\" tabindex=\"-1\">\u0110i\u1ec1u l\u1ec7 t\u1ed5 ch\u1ee9c v\u00e0 ho\u1ea1t \u0111\u1ed9ng<\/a><\/li>\n<li class=\"menu-item menu-item-type-post_type menu-item-object-page menu-item-2796\"><a href=\"https:\/\/sadico.com.vn\/en\/quan-he-co-dong\/quy-che-noi-bo-ve-quan-tri\/\" class=\"elementor-item\" tabindex=\"-1\">Quy ch\u1ebf n\u1ed9i b\u1ed9 v\u1ec1 qu\u1ea3n tr\u1ecb<\/a><\/li>\n<li class=\"menu-item menu-item-type-post_type menu-item-object-page menu-item-2795\"><a href=\"https:\/\/sadico.com.vn\/en\/quan-he-co-dong\/nghi-quyet-dhdcd-hdqt\/\" class=\"elementor-item\" tabindex=\"-1\">Ngh\u1ecb quy\u1ebft \u0110H\u0110C\u0110\/H\u0110QT<\/a><\/li>\n<li class=\"menu-item menu-item-type-post_type menu-item-object-page menu-item-2791\"><a href=\"https:\/\/sadico.com.vn\/en\/quan-he-co-dong\/bao-cao-tai-chinh\/\" class=\"elementor-item\" tabindex=\"-1\">B\u00e1o c\u00e1o t\u00e0i ch\u00ednh<\/a><\/li>\n<li class=\"menu-item menu-item-type-post_type menu-item-object-page menu-item-2792\"><a href=\"https:\/\/sadico.com.vn\/en\/quan-he-co-dong\/cac-van-ban-khac\/\" class=\"elementor-item\" tabindex=\"-1\">C\u00e1c v\u0103n b\u1ea3n kh\u00e1c<\/a><\/li>\n<li class=\"menu-item menu-item-type-post_type menu-item-object-page menu-item-2794\"><a href=\"https:\/\/sadico.com.vn\/en\/quan-he-co-dong\/ho-so-sadico-can-tho-sdg\/\" class=\"elementor-item\" tabindex=\"-1\">H\u1ed3 s\u01a1 SADICO C\u1ea7n Th\u01a1 (SDG)<\/a><\/li>\n<\/ul>\t\t\t<\/nav>\n\t\t\t\t<\/div>\n\t\t\t\t<\/div>\n\t\t\t\t\t<\/div>\n\t\t\t\t<\/div>\n\t\t<div class=\"elementor-element elementor-element-ad67485 elementor-hidden-mobile e-flex e-con-boxed e-con e-parent\" data-id=\"ad67485\" data-element_type=\"container\">\n\t\t\t\t\t<div class=\"e-con-inner\">\n\t\t\t\t<div class=\"elementor-element elementor-element-170e21a elementor-widget__width-auto elementor-widget elementor-widget-woocommerce-breadcrumb\" data-id=\"170e21a\" data-element_type=\"widget\" data-widget_type=\"woocommerce-breadcrumb.default\">\n\t\t\t\t<div class=\"elementor-widget-container\">\n\t\t\t<link rel=\"stylesheet\" href=\"https:\/\/sadico.com.vn\/wp-content\/plugins\/elementor-pro\/assets\/css\/widget-woocommerce.min.css?ver=1726472472\"><nav class=\"woocommerce-breadcrumb\" aria-label=\"Breadcrumb\">Home<\/nav>\t\t<\/div>\n\t\t\t\t<\/div>\n\t\t\t\t\t<\/div>\n\t\t\t\t<\/div>\n\t\t<div class=\"elementor-element elementor-element-1353e1f e-flex e-con-boxed e-con e-parent\" data-id=\"1353e1f\" data-element_type=\"container\">\n\t\t\t\t\t<div class=\"e-con-inner\">\n\t\t\t\t\t<\/div>\n\t\t\t\t<\/div>\n\t\t<div class=\"elementor-element elementor-element-6a17807 e-flex e-con-boxed e-con e-parent\" data-id=\"6a17807\" data-element_type=\"container\">\n\t\t\t\t\t<div class=\"e-con-inner\">\n\t\t\t\t<div class=\"elementor-element elementor-element-bec256e tpg-wrapper-align-left img_hover_animation_img_zoom_in meta-visibility-show title_position_default title_hover_border_default title-default meta_position_default tpg-category-position-default grid-hover-overlay-type-always tpg-el-box-border-enable tpg-border-bottom-disable elementor-widget elementor-widget-tpg-list-layout\" data-id=\"bec256e\" data-element_type=\"widget\" data-widget_type=\"tpg-list-layout.default\">\n\t\t\t\t<div class=\"elementor-widget-container\">\n\t\t\t\n        <div class=\"rt-container-fluid rt-tpg-container tpg-el-main-wrapper list-layout1-main \"\n             data-sc-id=\"elementor\"\n             id=\"rt-tpg-container-3104003566\"\n             data-layout=\"list-layout1\"\n             data-grid-style=\"tpg-even\"\n             data-el-settings=''\n             data-el-query=''\n             data-el-path=''\n        >\n\t\t\t            <div class='tpg-header-wrapper '>\n\t\t\t\t            <\/div>\n\n            <div data-title=\"Loading ...\" class=\"rt-row rt-content-loader list-layout1 tpg-even list-behaviour list-layout-wrapper\">\n\t\t\t\t<div class='no_posts_found_text'>Kh\u00f4ng c\u00f3 b\u00e0i \u0111\u0103ng n\u00e0o.<\/div>            <\/div>\n\n\t\t\t\n        <\/div>\n\t\t\t\t<\/div>\n\t\t\t\t<\/div>\n\t\t\t\t\t<\/div>\n\t\t\t\t<\/div>\n\t\t<div class=\"elementor-element elementor-element-d6b7fea elementor-hidden-desktop elementor-hidden-tablet e-flex e-con-boxed e-con e-parent\" data-id=\"d6b7fea\" data-element_type=\"container\">\n\t\t\t\t\t<div class=\"e-con-inner\">\n\t\t<div class=\"elementor-element elementor-element-64b2151 e-con-full e-flex e-con e-child\" data-id=\"64b2151\" data-element_type=\"container\">\n\t\t\t\t<div class=\"elementor-element elementor-element-acf0ac3 elementor-widget elementor-widget-heading\" data-id=\"acf0ac3\" data-element_type=\"widget\" data-widget_type=\"heading.default\">\n\t\t\t\t<div class=\"elementor-widget-container\">\n\t\t\t<style>\/*! elementor - v3.23.0 - 05-08-2024 *\/\n.elementor-heading-title{padding:0;margin:0;line-height:1}.elementor-widget-heading .elementor-heading-title[class*=elementor-size-]>a{color:inherit;font-size:inherit;line-height:inherit}.elementor-widget-heading .elementor-heading-title.elementor-size-small{font-size:15px}.elementor-widget-heading .elementor-heading-title.elementor-size-medium{font-size:19px}.elementor-widget-heading .elementor-heading-title.elementor-size-large{font-size:29px}.elementor-widget-heading .elementor-heading-title.elementor-size-xl{font-size:39px}.elementor-widget-heading .elementor-heading-title.elementor-size-xxl{font-size:59px}<\/style><h2 class=\"elementor-heading-title elementor-size-default\">Danh m\u1ee5c<\/h2>\t\t<\/div>\n\t\t\t\t<\/div>\n\t\t\t\t<div class=\"elementor-element elementor-element-24dcfdd elementor-nav-menu__align-center elementor-nav-menu--dropdown-mobile elementor-nav-menu__text-align-center elementor-widget elementor-widget-nav-menu\" data-id=\"24dcfdd\" data-element_type=\"widget\" data-settings=\"{&quot;layout&quot;:&quot;horizontal&quot;,&quot;submenu_icon&quot;:{&quot;value&quot;:&quot;&lt;svg class=\\&quot;e-font-icon-svg e-fas-caret-down\\&quot; viewBox=\\&quot;0 0 320 512\\&quot; xmlns=\\&quot;http:\\\/\\\/www.w3.org\\\/2000\\\/svg\\&quot;&gt;&lt;path d=\\&quot;M31.3 192h257.3c17.8 0 26.7 21.5 14.1 34.1L174.1 354.8c-7.8 7.8-20.5 7.8-28.3 0L17.2 226.1C4.6 213.5 13.5 192 31.3 192z\\&quot;&gt;&lt;\\\/path&gt;&lt;\\\/svg&gt;&quot;,&quot;library&quot;:&quot;fa-solid&quot;}}\" data-widget_type=\"nav-menu.default\">\n\t\t\t\t<div class=\"elementor-widget-container\">\n\t\t\t\t\t\t<nav aria-label=\"Menu\" class=\"elementor-nav-menu--main elementor-nav-menu__container elementor-nav-menu--layout-horizontal e--pointer-underline e--animation-fade\">\n\t\t\t\t<ul id=\"menu-1-24dcfdd\" class=\"elementor-nav-menu\"><li class=\"menu-item menu-item-type-post_type menu-item-object-page menu-item-4458\"><a href=\"https:\/\/sadico.com.vn\/en\/quan-he-co-dong\/tin-tuc-co-dong\/\" class=\"elementor-item\">Tin t\u1ee9c c\u1ed5 \u0111\u00f4ng<\/a><\/li>\n<li class=\"menu-item menu-item-type-post_type menu-item-object-page menu-item-2793\"><a href=\"https:\/\/sadico.com.vn\/en\/quan-he-co-dong\/dieu-le-to-chuc-va-hoat-dong\/\" class=\"elementor-item\">\u0110i\u1ec1u l\u1ec7 t\u1ed5 ch\u1ee9c v\u00e0 ho\u1ea1t \u0111\u1ed9ng<\/a><\/li>\n<li class=\"menu-item menu-item-type-post_type menu-item-object-page menu-item-2796\"><a href=\"https:\/\/sadico.com.vn\/en\/quan-he-co-dong\/quy-che-noi-bo-ve-quan-tri\/\" class=\"elementor-item\">Quy ch\u1ebf n\u1ed9i b\u1ed9 v\u1ec1 qu\u1ea3n tr\u1ecb<\/a><\/li>\n<li class=\"menu-item menu-item-type-post_type menu-item-object-page menu-item-2795\"><a href=\"https:\/\/sadico.com.vn\/en\/quan-he-co-dong\/nghi-quyet-dhdcd-hdqt\/\" class=\"elementor-item\">Ngh\u1ecb quy\u1ebft \u0110H\u0110C\u0110\/H\u0110QT<\/a><\/li>\n<li class=\"menu-item menu-item-type-post_type menu-item-object-page menu-item-2791\"><a href=\"https:\/\/sadico.com.vn\/en\/quan-he-co-dong\/bao-cao-tai-chinh\/\" class=\"elementor-item\">B\u00e1o c\u00e1o t\u00e0i ch\u00ednh<\/a><\/li>\n<li class=\"menu-item menu-item-type-post_type menu-item-object-page menu-item-2792\"><a href=\"https:\/\/sadico.com.vn\/en\/quan-he-co-dong\/cac-van-ban-khac\/\" class=\"elementor-item\">C\u00e1c v\u0103n b\u1ea3n kh\u00e1c<\/a><\/li>\n<li class=\"menu-item menu-item-type-post_type menu-item-object-page menu-item-2794\"><a href=\"https:\/\/sadico.com.vn\/en\/quan-he-co-dong\/ho-so-sadico-can-tho-sdg\/\" class=\"elementor-item\">H\u1ed3 s\u01a1 SADICO C\u1ea7n Th\u01a1 (SDG)<\/a><\/li>\n<\/ul>\t\t\t<\/nav>\n\t\t\t\t\t\t<nav class=\"elementor-nav-menu--dropdown elementor-nav-menu__container\" aria-hidden=\"true\">\n\t\t\t\t<ul id=\"menu-2-24dcfdd\" class=\"elementor-nav-menu\"><li class=\"menu-item menu-item-type-post_type menu-item-object-page menu-item-4458\"><a href=\"https:\/\/sadico.com.vn\/en\/quan-he-co-dong\/tin-tuc-co-dong\/\" class=\"elementor-item\" tabindex=\"-1\">Tin t\u1ee9c c\u1ed5 \u0111\u00f4ng<\/a><\/li>\n<li class=\"menu-item menu-item-type-post_type menu-item-object-page menu-item-2793\"><a href=\"https:\/\/sadico.com.vn\/en\/quan-he-co-dong\/dieu-le-to-chuc-va-hoat-dong\/\" class=\"elementor-item\" tabindex=\"-1\">\u0110i\u1ec1u l\u1ec7 t\u1ed5 ch\u1ee9c v\u00e0 ho\u1ea1t \u0111\u1ed9ng<\/a><\/li>\n<li class=\"menu-item menu-item-type-post_type menu-item-object-page menu-item-2796\"><a href=\"https:\/\/sadico.com.vn\/en\/quan-he-co-dong\/quy-che-noi-bo-ve-quan-tri\/\" class=\"elementor-item\" tabindex=\"-1\">Quy ch\u1ebf n\u1ed9i b\u1ed9 v\u1ec1 qu\u1ea3n tr\u1ecb<\/a><\/li>\n<li class=\"menu-item menu-item-type-post_type menu-item-object-page menu-item-2795\"><a href=\"https:\/\/sadico.com.vn\/en\/quan-he-co-dong\/nghi-quyet-dhdcd-hdqt\/\" class=\"elementor-item\" tabindex=\"-1\">Ngh\u1ecb quy\u1ebft \u0110H\u0110C\u0110\/H\u0110QT<\/a><\/li>\n<li class=\"menu-item menu-item-type-post_type menu-item-object-page menu-item-2791\"><a href=\"https:\/\/sadico.com.vn\/en\/quan-he-co-dong\/bao-cao-tai-chinh\/\" class=\"elementor-item\" tabindex=\"-1\">B\u00e1o c\u00e1o t\u00e0i ch\u00ednh<\/a><\/li>\n<li class=\"menu-item menu-item-type-post_type menu-item-object-page menu-item-2792\"><a href=\"https:\/\/sadico.com.vn\/en\/quan-he-co-dong\/cac-van-ban-khac\/\" class=\"elementor-item\" tabindex=\"-1\">C\u00e1c v\u0103n b\u1ea3n kh\u00e1c<\/a><\/li>\n<li class=\"menu-item menu-item-type-post_type menu-item-object-page menu-item-2794\"><a href=\"https:\/\/sadico.com.vn\/en\/quan-he-co-dong\/ho-so-sadico-can-tho-sdg\/\" class=\"elementor-item\" tabindex=\"-1\">H\u1ed3 s\u01a1 SADICO C\u1ea7n Th\u01a1 (SDG)<\/a><\/li>\n<\/ul>\t\t\t<\/nav>\n\t\t\t\t<\/div>\n\t\t\t\t<\/div>\n\t\t\t\t<\/div>\n\t\t\t\t\t<\/div>\n\t\t\t\t<\/div>\n\t\t\t\t<\/div>\n\t\t","protected":false},"excerpt":{"rendered":"<p>Kh\u00f4ng c\u00f3 b\u00e0i \u0111\u0103ng n\u00e0o. Danh m\u1ee5c<\/p>","protected":false},"author":1,"featured_media":0,"parent":18,"menu_order":0,"comment_status":"closed","ping_status":"closed","template":"elementor_header_footer","meta":{"footnotes":""},"class_list":["post-1501","page","type-page","status-publish","hentry"],"rttpg_featured_image_url":null,"rttpg_author":{"display_name":"sdc","author_link":"https:\/\/sadico.com.vn\/en\/author\/sdc\/"},"rttpg_comment":0,"rttpg_category":null,"rttpg_excerpt":"Kh\u00f4ng c\u00f3 b\u00e0i \u0111\u0103ng n\u00e0o. Danh m\u1ee5c","_links":{"self":[{"href":"https:\/\/sadico.com.vn\/en\/wp-json\/wp\/v2\/pages\/1501","targetHints":{"allow":["GET"]}}],"collection":[{"href":"https:\/\/sadico.com.vn\/en\/wp-json\/wp\/v2\/pages"}],"about":[{"href":"https:\/\/sadico.com.vn\/en\/wp-json\/wp\/v2\/types\/page"}],"author":[{"embeddable":true,"href":"https:\/\/sadico.com.vn\/en\/wp-json\/wp\/v2\/users\/1"}],"replies":[{"embeddable":true,"href":"https:\/\/sadico.com.vn\/en\/wp-json\/wp\/v2\/comments?post=1501"}],"version-history":[{"count":34,"href":"https:\/\/sadico.com.vn\/en\/wp-json\/wp\/v2\/pages\/1501\/revisions"}],"predecessor-version":[{"id":5722,"href":"https:\/\/sadico.com.vn\/en\/wp-json\/wp\/v2\/pages\/1501\/revisions\/5722"}],"up":[{"embeddable":true,"href":"https:\/\/sadico.com.vn\/en\/wp-json\/wp\/v2\/pages\/18"}],"wp:attachment":[{"href":"https:\/\/sadico.com.vn\/en\/wp-json\/wp\/v2\/media?parent=1501"}],"curies":[{"name":"wp","href":"https:\/\/api.w.org\/{rel}","templated":true}]}}