{"id":4211,"date":"2024-07-29T13:42:28","date_gmt":"2024-07-29T06:42:28","guid":{"rendered":"https:\/\/sadico.com.vn\/?page_id=4211"},"modified":"2024-07-29T13:50:29","modified_gmt":"2024-07-29T06:50:29","slug":"san-pham-khac","status":"publish","type":"page","link":"https:\/\/sadico.com.vn\/en\/san-pham-vo-bao\/san-pham-khac\/","title":{"rendered":"Other products"},"content":{"rendered":"\t\t<div data-elementor-type=\"wp-page\" data-elementor-id=\"4211\" class=\"elementor elementor-4211\" data-elementor-post-type=\"page\">\n\t\t\t\t<div class=\"elementor-element elementor-element-d1aa413 e-flex e-con-boxed e-con e-parent\" data-id=\"d1aa413\" data-element_type=\"container\">\n\t\t\t\t\t<div class=\"e-con-inner\">\n\t\t\t\t<div class=\"elementor-element elementor-element-1a362ce elementor-nav-menu__align-center elementor-nav-menu--dropdown-tablet elementor-nav-menu__text-align-aside elementor-nav-menu--toggle elementor-nav-menu--burger elementor-widget elementor-widget-nav-menu\" data-id=\"1a362ce\" data-element_type=\"widget\" data-settings=\"{&quot;layout&quot;:&quot;horizontal&quot;,&quot;submenu_icon&quot;:{&quot;value&quot;:&quot;&lt;svg class=\\&quot;e-font-icon-svg e-fas-caret-down\\&quot; viewBox=\\&quot;0 0 320 512\\&quot; xmlns=\\&quot;http:\\\/\\\/www.w3.org\\\/2000\\\/svg\\&quot;&gt;&lt;path d=\\&quot;M31.3 192h257.3c17.8 0 26.7 21.5 14.1 34.1L174.1 354.8c-7.8 7.8-20.5 7.8-28.3 0L17.2 226.1C4.6 213.5 13.5 192 31.3 192z\\&quot;&gt;&lt;\\\/path&gt;&lt;\\\/svg&gt;&quot;,&quot;library&quot;:&quot;fa-solid&quot;},&quot;toggle&quot;:&quot;burger&quot;}\" data-widget_type=\"nav-menu.default\">\n\t\t\t\t<div class=\"elementor-widget-container\">\n\t\t\t<link rel=\"stylesheet\" href=\"https:\/\/sadico.com.vn\/wp-content\/plugins\/elementor-pro\/assets\/css\/widget-nav-menu.min.css?ver=1726472472\">\t\t\t<nav aria-label=\"Menu\" class=\"elementor-nav-menu--main elementor-nav-menu__container elementor-nav-menu--layout-horizontal e--pointer-underline e--animation-fade\">\n\t\t\t\t<ul id=\"menu-1-1a362ce\" class=\"elementor-nav-menu\"><li class=\"menu-item menu-item-type-post_type menu-item-object-page menu-item-4213\"><a href=\"https:\/\/sadico.com.vn\/en\/san-pham-vo-bao\/\" class=\"elementor-item\">T\u1ea5t c\u1ea3<\/a><\/li>\n<li class=\"menu-item menu-item-type-post_type menu-item-object-page menu-item-4217\"><a href=\"https:\/\/sadico.com.vn\/en\/san-pham-vo-bao\/vo-bao-xi-mang\/\" class=\"elementor-item\">Bao xi m\u0103ng (Bao d\u00e1n \u0111\u00e1y vu\u00f4ng)<\/a><\/li>\n<li class=\"menu-item menu-item-type-post_type menu-item-object-page menu-item-4216\"><a href=\"https:\/\/sadico.com.vn\/en\/san-pham-vo-bao\/vo-bao-nong-san\/\" class=\"elementor-item\">Bao n\u00f4ng s\u1ea3n (Bao may)<\/a><\/li>\n<li class=\"menu-item menu-item-type-post_type menu-item-object-page menu-item-4215\"><a href=\"https:\/\/sadico.com.vn\/en\/san-pham-vo-bao\/san-pham-khac\/\" class=\"elementor-item\">S\u1ea3n ph\u1ea9m kh\u00e1c<\/a><\/li>\n<\/ul>\t\t\t<\/nav>\n\t\t\t\t\t<div class=\"elementor-menu-toggle\" role=\"button\" tabindex=\"0\" aria-label=\"Menu Toggle\" aria-expanded=\"false\">\n\t\t\t<svg aria-hidden=\"true\" role=\"presentation\" class=\"elementor-menu-toggle__icon--open e-font-icon-svg e-eicon-menu-bar\" viewBox=\"0 0 1000 1000\" xmlns=\"http:\/\/www.w3.org\/2000\/svg\"><path d=\"M104 333H896C929 333 958 304 958 271S929 208 896 208H104C71 208 42 237 42 271S71 333 104 333ZM104 583H896C929 583 958 554 958 521S929 458 896 458H104C71 458 42 487 42 521S71 583 104 583ZM104 833H896C929 833 958 804 958 771S929 708 896 708H104C71 708 42 737 42 771S71 833 104 833Z\"><\/path><\/svg><svg aria-hidden=\"true\" role=\"presentation\" class=\"elementor-menu-toggle__icon--close e-font-icon-svg e-eicon-close\" viewBox=\"0 0 1000 1000\" xmlns=\"http:\/\/www.w3.org\/2000\/svg\"><path d=\"M742 167L500 408 258 167C246 154 233 150 217 150 196 150 179 158 167 167 154 179 150 196 150 212 150 229 154 242 171 254L408 500 167 742C138 771 138 800 167 829 196 858 225 858 254 829L496 587 738 829C750 842 767 846 783 846 800 846 817 842 829 829 842 817 846 804 846 783 846 767 842 750 829 737L588 500 833 258C863 229 863 200 833 171 804 137 775 137 742 167Z\"><\/path><\/svg>\t\t\t<span class=\"elementor-screen-only\">Menu<\/span>\n\t\t<\/div>\n\t\t\t\t\t<nav class=\"elementor-nav-menu--dropdown elementor-nav-menu__container\" aria-hidden=\"true\">\n\t\t\t\t<ul id=\"menu-2-1a362ce\" class=\"elementor-nav-menu\"><li class=\"menu-item menu-item-type-post_type menu-item-object-page menu-item-4213\"><a href=\"https:\/\/sadico.com.vn\/en\/san-pham-vo-bao\/\" class=\"elementor-item\" tabindex=\"-1\">T\u1ea5t c\u1ea3<\/a><\/li>\n<li class=\"menu-item menu-item-type-post_type menu-item-object-page menu-item-4217\"><a href=\"https:\/\/sadico.com.vn\/en\/san-pham-vo-bao\/vo-bao-xi-mang\/\" class=\"elementor-item\" tabindex=\"-1\">Bao xi m\u0103ng (Bao d\u00e1n \u0111\u00e1y vu\u00f4ng)<\/a><\/li>\n<li class=\"menu-item menu-item-type-post_type menu-item-object-page menu-item-4216\"><a href=\"https:\/\/sadico.com.vn\/en\/san-pham-vo-bao\/vo-bao-nong-san\/\" class=\"elementor-item\" tabindex=\"-1\">Bao n\u00f4ng s\u1ea3n (Bao may)<\/a><\/li>\n<li class=\"menu-item menu-item-type-post_type menu-item-object-page menu-item-4215\"><a href=\"https:\/\/sadico.com.vn\/en\/san-pham-vo-bao\/san-pham-khac\/\" class=\"elementor-item\" tabindex=\"-1\">S\u1ea3n ph\u1ea9m kh\u00e1c<\/a><\/li>\n<\/ul>\t\t\t<\/nav>\n\t\t\t\t<\/div>\n\t\t\t\t<\/div>\n\t\t\t\t\t<\/div>\n\t\t\t\t<\/div>\n\t\t<div class=\"elementor-element elementor-element-6cd1035 e-flex e-con-boxed e-con e-parent\" data-id=\"6cd1035\" data-element_type=\"container\">\n\t\t\t\t\t<div class=\"e-con-inner\">\n\t\t\t\t<div class=\"elementor-element elementor-element-3885811 elementor-widget__width-auto elementor-widget elementor-widget-woocommerce-breadcrumb\" data-id=\"3885811\" data-element_type=\"widget\" data-widget_type=\"woocommerce-breadcrumb.default\">\n\t\t\t\t<div class=\"elementor-widget-container\">\n\t\t\t<link rel=\"stylesheet\" href=\"https:\/\/sadico.com.vn\/wp-content\/plugins\/elementor-pro\/assets\/css\/widget-woocommerce.min.css?ver=1726472472\"><nav class=\"woocommerce-breadcrumb\" aria-label=\"Breadcrumb\">Home<\/nav>\t\t<\/div>\n\t\t\t\t<\/div>\n\t\t\t\t\t<\/div>\n\t\t\t\t<\/div>\n\t\t<div class=\"elementor-element elementor-element-5c1c2ac e-flex e-con-boxed e-con e-parent\" data-id=\"5c1c2ac\" data-element_type=\"container\">\n\t\t\t\t\t<div class=\"e-con-inner\">\n\t\t\t\t<div class=\"elementor-element elementor-element-fbcf754 elementor-widget elementor-widget-heading\" data-id=\"fbcf754\" data-element_type=\"widget\" data-widget_type=\"heading.default\">\n\t\t\t\t<div class=\"elementor-widget-container\">\n\t\t\t<style>\/*! elementor - v3.23.0 - 05-08-2024 *\/\n.elementor-heading-title{padding:0;margin:0;line-height:1}.elementor-widget-heading .elementor-heading-title[class*=elementor-size-]>a{color:inherit;font-size:inherit;line-height:inherit}.elementor-widget-heading .elementor-heading-title.elementor-size-small{font-size:15px}.elementor-widget-heading .elementor-heading-title.elementor-size-medium{font-size:19px}.elementor-widget-heading .elementor-heading-title.elementor-size-large{font-size:29px}.elementor-widget-heading .elementor-heading-title.elementor-size-xl{font-size:39px}.elementor-widget-heading .elementor-heading-title.elementor-size-xxl{font-size:59px}<\/style><h2 class=\"elementor-heading-title elementor-size-default\">C\u00e1c s\u1ea3n ph\u1ea9m kh\u00e1c c\u1ee7a SADICO C\u1ea7n Th\u01a1 <\/h2>\t\t<\/div>\n\t\t\t\t<\/div>\n\t\t\t\t\t<\/div>\n\t\t\t\t<\/div>\n\t\t<div class=\"elementor-element elementor-element-e601c9f e-flex e-con-boxed e-con e-parent\" data-id=\"e601c9f\" data-element_type=\"container\">\n\t\t\t\t\t<div class=\"e-con-inner\">\n\t\t\t\t<div class=\"elementor-element elementor-element-45ccae8 elementor-widget elementor-widget-etww-blog-grid\" data-id=\"45ccae8\" data-element_type=\"widget\" data-widget_type=\"etww-blog-grid.default\">\n\t\t\t\t<div class=\"elementor-widget-container\">\n\t\t\t\n\t\t\t<div class=\"etww-blog-grid clr match-height-grid\">\n\n\t\t\t\t\n\t\t\t\t\t\t<article id=\"post-3958\" class=\"etww-grid-entry clr post-3958 post type-post status-publish format-standard has-post-thumbnail hentry category-bao-khac\">\n\n\t\t\t\t\t\t\t\n\t\t\t\t\t\t\t\t<div class=\"etww-grid-inner clr\">\n\t\t\t\t\t\t\t\n\t\t\t\t\t\t\t\t\t\n\t\t\t\t\t\t\t\t\t\t<div class=\"etww-grid-media clr\">\n\n\t\t\t\t\t\t\t\t\t\t\t<a href=\"https:\/\/sadico.com.vn\/en\/banh-vong-cau-hang\/\" title=\"B\u00e0nh v\u00f5ng c\u1ea9u h\u00e0ng (sling)\" class=\"etww-grid-img\">\n\n\t\t\t\t\t\t\t\t\t\t\t\t<img fetchpriority=\"high\" decoding=\"async\" width=\"1081\" height=\"1821\" src=\"https:\/\/sadico.com.vn\/wp-content\/uploads\/2024\/07\/Banh-vong-Tay-Do.jpg\" class=\"attachment-full size-full wp-post-image\" alt=\"B\u00e0nh v\u00f5ng c\u1ea9u h\u00e0ng (sling)\" itemprop=\"image\" srcset=\"https:\/\/sadico.com.vn\/wp-content\/uploads\/2024\/07\/Banh-vong-Tay-Do.jpg 1081w, https:\/\/sadico.com.vn\/wp-content\/uploads\/2024\/07\/Banh-vong-Tay-Do-178x300.jpg 178w, https:\/\/sadico.com.vn\/wp-content\/uploads\/2024\/07\/Banh-vong-Tay-Do-608x1024.jpg 608w, https:\/\/sadico.com.vn\/wp-content\/uploads\/2024\/07\/Banh-vong-Tay-Do-768x1294.jpg 768w, https:\/\/sadico.com.vn\/wp-content\/uploads\/2024\/07\/Banh-vong-Tay-Do-912x1536.jpg 912w, https:\/\/sadico.com.vn\/wp-content\/uploads\/2024\/07\/Banh-vong-Tay-Do-7x12.jpg 7w, https:\/\/sadico.com.vn\/wp-content\/uploads\/2024\/07\/Banh-vong-Tay-Do-14x24.jpg 14w, https:\/\/sadico.com.vn\/wp-content\/uploads\/2024\/07\/Banh-vong-Tay-Do-21x36.jpg 21w, https:\/\/sadico.com.vn\/wp-content\/uploads\/2024\/07\/Banh-vong-Tay-Do-28x48.jpg 28w, https:\/\/sadico.com.vn\/wp-content\/uploads\/2024\/07\/Banh-vong-Tay-Do-600x1011.jpg 600w\" sizes=\"(max-width: 1081px) 100vw, 1081px\" \/>\n\t\t\t\t\t\t\t\t\t\t\t\t<span class=\"overlay\">\n\t\t\t\t\t\t\t\t\t\t\t\t\t\t\t\t\t\t\t\t\t\t\t\t\t\t\t<span class=\"overlay-btn\">\n\t\t\t\t\t\t\t\t\t\t\t\t\t\t\tChi ti\u1ebft\t\t\t\t\t\t\t\t\t\t\t\t\t\t<\/span>\n\t\t\t\t\t\t\t\t\t\t\t\t\t\t\t\t\t\t\t\t\t\t\t\t\t<\/span>\n\n\t\t\t\t\t\t\t\t\t\t\t<\/a>\n\n\t\t\t\t\t\t\t\t\t\t\t\n\t\t\t\t\t\t\t\t\t\t<\/div><!-- .etww-grid-media -->\n\n\t\t\t\t\t\t\t\t\t\n\t\t\t\t\t\t\t\t\t\n\t\t\t\t\t\t\t\t\t\t<div class=\"etww-grid-details match-height-content clr\">\n\n\t\t\t\t\t\t\t\t\t\t\t\n\t\t\t\t\t\t\t\t\t\t\t\t<h2 class=\"etww-grid-title entry-title\">\n\t\t\t\t\t\t\t\t\t\t\t\t\t<a href=\"https:\/\/sadico.com.vn\/en\/banh-vong-cau-hang\/\" title=\"B\u00e0nh v\u00f5ng c\u1ea9u h\u00e0ng (sling)\">B\u00e0nh v\u00f5ng c\u1ea9u h\u00e0ng (sling)<\/a>\n\t\t\t\t\t\t\t\t\t\t\t\t<\/h2>\n\n\t\t\t\t\t\t\t\t\t\t\t\n\t\t\t\t\t\t\t\t\t\t\t\n\t\t\t\t\t\t\t\t\t\t<\/div><!-- .etww-grid-details -->\n\n\t\t\t\t\t\t\t\t\t\n\t\t\t\t\t\t\t\t\t\n\t\t\t\t\t\t\t\t<\/div>\n\n\t\t\t\t\t\t\t\n\t\t\t\t\t\t<\/article>\n\n\t\t\t\t\t\n\t\t\t\t\n\t\t\t\t\t\t<article id=\"post-3955\" class=\"etww-grid-entry clr post-3955 post type-post status-publish format-standard has-post-thumbnail hentry category-bao-khac\">\n\n\t\t\t\t\t\t\t\n\t\t\t\t\t\t\t\t<div class=\"etww-grid-inner clr\">\n\t\t\t\t\t\t\t\n\t\t\t\t\t\t\t\t\t\n\t\t\t\t\t\t\t\t\t\t<div class=\"etww-grid-media clr\">\n\n\t\t\t\t\t\t\t\t\t\t\t<a href=\"https:\/\/sadico.com.vn\/en\/cuon-pp\/\" title=\"Cu\u1ed9n PP\" class=\"etww-grid-img\">\n\n\t\t\t\t\t\t\t\t\t\t\t\t<img decoding=\"async\" width=\"1081\" height=\"1821\" src=\"https:\/\/sadico.com.vn\/wp-content\/uploads\/2024\/07\/Cuon-PP.jpg\" class=\"attachment-full size-full wp-post-image\" alt=\"Cu\u1ed9n PP\" itemprop=\"image\" srcset=\"https:\/\/sadico.com.vn\/wp-content\/uploads\/2024\/07\/Cuon-PP.jpg 1081w, https:\/\/sadico.com.vn\/wp-content\/uploads\/2024\/07\/Cuon-PP-178x300.jpg 178w, https:\/\/sadico.com.vn\/wp-content\/uploads\/2024\/07\/Cuon-PP-608x1024.jpg 608w, https:\/\/sadico.com.vn\/wp-content\/uploads\/2024\/07\/Cuon-PP-768x1294.jpg 768w, https:\/\/sadico.com.vn\/wp-content\/uploads\/2024\/07\/Cuon-PP-912x1536.jpg 912w, https:\/\/sadico.com.vn\/wp-content\/uploads\/2024\/07\/Cuon-PP-7x12.jpg 7w, https:\/\/sadico.com.vn\/wp-content\/uploads\/2024\/07\/Cuon-PP-14x24.jpg 14w, https:\/\/sadico.com.vn\/wp-content\/uploads\/2024\/07\/Cuon-PP-21x36.jpg 21w, https:\/\/sadico.com.vn\/wp-content\/uploads\/2024\/07\/Cuon-PP-28x48.jpg 28w, https:\/\/sadico.com.vn\/wp-content\/uploads\/2024\/07\/Cuon-PP-600x1011.jpg 600w\" sizes=\"(max-width: 1081px) 100vw, 1081px\" \/>\n\t\t\t\t\t\t\t\t\t\t\t\t<span class=\"overlay\">\n\t\t\t\t\t\t\t\t\t\t\t\t\t\t\t\t\t\t\t\t\t\t\t\t\t\t\t<span class=\"overlay-btn\">\n\t\t\t\t\t\t\t\t\t\t\t\t\t\t\tChi ti\u1ebft\t\t\t\t\t\t\t\t\t\t\t\t\t\t<\/span>\n\t\t\t\t\t\t\t\t\t\t\t\t\t\t\t\t\t\t\t\t\t\t\t\t\t<\/span>\n\n\t\t\t\t\t\t\t\t\t\t\t<\/a>\n\n\t\t\t\t\t\t\t\t\t\t\t\n\t\t\t\t\t\t\t\t\t\t<\/div><!-- .etww-grid-media -->\n\n\t\t\t\t\t\t\t\t\t\n\t\t\t\t\t\t\t\t\t\n\t\t\t\t\t\t\t\t\t\t<div class=\"etww-grid-details match-height-content clr\">\n\n\t\t\t\t\t\t\t\t\t\t\t\n\t\t\t\t\t\t\t\t\t\t\t\t<h2 class=\"etww-grid-title entry-title\">\n\t\t\t\t\t\t\t\t\t\t\t\t\t<a href=\"https:\/\/sadico.com.vn\/en\/cuon-pp\/\" title=\"Cu\u1ed9n PP\">Cu\u1ed9n PP<\/a>\n\t\t\t\t\t\t\t\t\t\t\t\t<\/h2>\n\n\t\t\t\t\t\t\t\t\t\t\t\n\t\t\t\t\t\t\t\t\t\t\t\n\t\t\t\t\t\t\t\t\t\t<\/div><!-- .etww-grid-details -->\n\n\t\t\t\t\t\t\t\t\t\n\t\t\t\t\t\t\t\t\t\n\t\t\t\t\t\t\t\t<\/div>\n\n\t\t\t\t\t\t\t\n\t\t\t\t\t\t<\/article>\n\n\t\t\t\t\t\n\t\t\t\t\n\t\t\t\t\t\t<article id=\"post-3949\" class=\"etww-grid-entry clr post-3949 post type-post status-publish format-standard has-post-thumbnail hentry category-bao-khac\">\n\n\t\t\t\t\t\t\t\n\t\t\t\t\t\t\t\t<div class=\"etww-grid-inner clr\">\n\t\t\t\t\t\t\t\n\t\t\t\t\t\t\t\t\t\n\t\t\t\t\t\t\t\t\t\t<div class=\"etww-grid-media clr\">\n\n\t\t\t\t\t\t\t\t\t\t\t<a href=\"https:\/\/sadico.com.vn\/en\/cuon-pp-mau\/\" title=\"Cu\u1ed9n PP m\u00e0u\" class=\"etww-grid-img\">\n\n\t\t\t\t\t\t\t\t\t\t\t\t<img decoding=\"async\" width=\"1081\" height=\"1821\" src=\"https:\/\/sadico.com.vn\/wp-content\/uploads\/2024\/01\/Cuon-mau-PP.jpg\" class=\"attachment-full size-full wp-post-image\" alt=\"Cu\u1ed9n PP m\u00e0u\" itemprop=\"image\" srcset=\"https:\/\/sadico.com.vn\/wp-content\/uploads\/2024\/01\/Cuon-mau-PP.jpg 1081w, https:\/\/sadico.com.vn\/wp-content\/uploads\/2024\/01\/Cuon-mau-PP-178x300.jpg 178w, https:\/\/sadico.com.vn\/wp-content\/uploads\/2024\/01\/Cuon-mau-PP-608x1024.jpg 608w, https:\/\/sadico.com.vn\/wp-content\/uploads\/2024\/01\/Cuon-mau-PP-768x1294.jpg 768w, https:\/\/sadico.com.vn\/wp-content\/uploads\/2024\/01\/Cuon-mau-PP-912x1536.jpg 912w, https:\/\/sadico.com.vn\/wp-content\/uploads\/2024\/01\/Cuon-mau-PP-7x12.jpg 7w, https:\/\/sadico.com.vn\/wp-content\/uploads\/2024\/01\/Cuon-mau-PP-14x24.jpg 14w, https:\/\/sadico.com.vn\/wp-content\/uploads\/2024\/01\/Cuon-mau-PP-21x36.jpg 21w, https:\/\/sadico.com.vn\/wp-content\/uploads\/2024\/01\/Cuon-mau-PP-28x48.jpg 28w, https:\/\/sadico.com.vn\/wp-content\/uploads\/2024\/01\/Cuon-mau-PP-600x1011.jpg 600w\" sizes=\"(max-width: 1081px) 100vw, 1081px\" \/>\n\t\t\t\t\t\t\t\t\t\t\t\t<span class=\"overlay\">\n\t\t\t\t\t\t\t\t\t\t\t\t\t\t\t\t\t\t\t\t\t\t\t\t\t\t\t<span class=\"overlay-btn\">\n\t\t\t\t\t\t\t\t\t\t\t\t\t\t\tChi ti\u1ebft\t\t\t\t\t\t\t\t\t\t\t\t\t\t<\/span>\n\t\t\t\t\t\t\t\t\t\t\t\t\t\t\t\t\t\t\t\t\t\t\t\t\t<\/span>\n\n\t\t\t\t\t\t\t\t\t\t\t<\/a>\n\n\t\t\t\t\t\t\t\t\t\t\t\n\t\t\t\t\t\t\t\t\t\t<\/div><!-- .etww-grid-media -->\n\n\t\t\t\t\t\t\t\t\t\n\t\t\t\t\t\t\t\t\t\n\t\t\t\t\t\t\t\t\t\t<div class=\"etww-grid-details match-height-content clr\">\n\n\t\t\t\t\t\t\t\t\t\t\t\n\t\t\t\t\t\t\t\t\t\t\t\t<h2 class=\"etww-grid-title entry-title\">\n\t\t\t\t\t\t\t\t\t\t\t\t\t<a href=\"https:\/\/sadico.com.vn\/en\/cuon-pp-mau\/\" title=\"Cu\u1ed9n PP m\u00e0u\">Cu\u1ed9n PP m\u00e0u<\/a>\n\t\t\t\t\t\t\t\t\t\t\t\t<\/h2>\n\n\t\t\t\t\t\t\t\t\t\t\t\n\t\t\t\t\t\t\t\t\t\t\t\n\t\t\t\t\t\t\t\t\t\t<\/div><!-- .etww-grid-details -->\n\n\t\t\t\t\t\t\t\t\t\n\t\t\t\t\t\t\t\t\t\n\t\t\t\t\t\t\t\t<\/div>\n\n\t\t\t\t\t\t\t\n\t\t\t\t\t\t<\/article>\n\n\t\t\t\t\t\n\t\t\t\t\n\t\t\t\t\t\t<article id=\"post-3946\" class=\"etww-grid-entry clr post-3946 post type-post status-publish format-standard has-post-thumbnail hentry category-bao-khac\">\n\n\t\t\t\t\t\t\t\n\t\t\t\t\t\t\t\t<div class=\"etww-grid-inner clr\">\n\t\t\t\t\t\t\t\n\t\t\t\t\t\t\t\t\t\n\t\t\t\t\t\t\t\t\t\t<div class=\"etww-grid-media clr\">\n\n\t\t\t\t\t\t\t\t\t\t\t<a href=\"https:\/\/sadico.com.vn\/en\/bat-phu-chong-co-dai\/\" title=\"B\u1ea1t ph\u1ee7 ch\u1ed1ng c\u1ecf d\u1ea1i\" class=\"etww-grid-img\">\n\n\t\t\t\t\t\t\t\t\t\t\t\t<img loading=\"lazy\" decoding=\"async\" width=\"1081\" height=\"1821\" src=\"https:\/\/sadico.com.vn\/wp-content\/uploads\/2024\/01\/Bat-phu-chong-co.jpg\" class=\"attachment-full size-full wp-post-image\" alt=\"B\u1ea1t ph\u1ee7 ch\u1ed1ng c\u1ecf d\u1ea1i\" itemprop=\"image\" srcset=\"https:\/\/sadico.com.vn\/wp-content\/uploads\/2024\/01\/Bat-phu-chong-co.jpg 1081w, https:\/\/sadico.com.vn\/wp-content\/uploads\/2024\/01\/Bat-phu-chong-co-178x300.jpg 178w, https:\/\/sadico.com.vn\/wp-content\/uploads\/2024\/01\/Bat-phu-chong-co-608x1024.jpg 608w, https:\/\/sadico.com.vn\/wp-content\/uploads\/2024\/01\/Bat-phu-chong-co-768x1294.jpg 768w, https:\/\/sadico.com.vn\/wp-content\/uploads\/2024\/01\/Bat-phu-chong-co-912x1536.jpg 912w, https:\/\/sadico.com.vn\/wp-content\/uploads\/2024\/01\/Bat-phu-chong-co-7x12.jpg 7w, https:\/\/sadico.com.vn\/wp-content\/uploads\/2024\/01\/Bat-phu-chong-co-14x24.jpg 14w, https:\/\/sadico.com.vn\/wp-content\/uploads\/2024\/01\/Bat-phu-chong-co-21x36.jpg 21w, https:\/\/sadico.com.vn\/wp-content\/uploads\/2024\/01\/Bat-phu-chong-co-28x48.jpg 28w, https:\/\/sadico.com.vn\/wp-content\/uploads\/2024\/01\/Bat-phu-chong-co-600x1011.jpg 600w\" sizes=\"(max-width: 1081px) 100vw, 1081px\" \/>\n\t\t\t\t\t\t\t\t\t\t\t\t<span class=\"overlay\">\n\t\t\t\t\t\t\t\t\t\t\t\t\t\t\t\t\t\t\t\t\t\t\t\t\t\t\t<span class=\"overlay-btn\">\n\t\t\t\t\t\t\t\t\t\t\t\t\t\t\tChi ti\u1ebft\t\t\t\t\t\t\t\t\t\t\t\t\t\t<\/span>\n\t\t\t\t\t\t\t\t\t\t\t\t\t\t\t\t\t\t\t\t\t\t\t\t\t<\/span>\n\n\t\t\t\t\t\t\t\t\t\t\t<\/a>\n\n\t\t\t\t\t\t\t\t\t\t\t\n\t\t\t\t\t\t\t\t\t\t<\/div><!-- .etww-grid-media -->\n\n\t\t\t\t\t\t\t\t\t\n\t\t\t\t\t\t\t\t\t\n\t\t\t\t\t\t\t\t\t\t<div class=\"etww-grid-details match-height-content clr\">\n\n\t\t\t\t\t\t\t\t\t\t\t\n\t\t\t\t\t\t\t\t\t\t\t\t<h2 class=\"etww-grid-title entry-title\">\n\t\t\t\t\t\t\t\t\t\t\t\t\t<a href=\"https:\/\/sadico.com.vn\/en\/bat-phu-chong-co-dai\/\" title=\"B\u1ea1t ph\u1ee7 ch\u1ed1ng c\u1ecf d\u1ea1i\">B\u1ea1t ph\u1ee7 ch\u1ed1ng c\u1ecf d\u1ea1i<\/a>\n\t\t\t\t\t\t\t\t\t\t\t\t<\/h2>\n\n\t\t\t\t\t\t\t\t\t\t\t\n\t\t\t\t\t\t\t\t\t\t\t\n\t\t\t\t\t\t\t\t\t\t<\/div><!-- .etww-grid-details -->\n\n\t\t\t\t\t\t\t\t\t\n\t\t\t\t\t\t\t\t\t\n\t\t\t\t\t\t\t\t<\/div>\n\n\t\t\t\t\t\t\t\n\t\t\t\t\t\t<\/article>\n\n\t\t\t\t\t\n\t\t\t\t\n\t\t\t\t\t\t<article id=\"post-3943\" class=\"etww-grid-entry clr post-3943 post type-post status-publish format-standard has-post-thumbnail hentry category-bao-khac\">\n\n\t\t\t\t\t\t\t\n\t\t\t\t\t\t\t\t<div class=\"etww-grid-inner clr\">\n\t\t\t\t\t\t\t\n\t\t\t\t\t\t\t\t\t\n\t\t\t\t\t\t\t\t\t\t<div class=\"etww-grid-media clr\">\n\n\t\t\t\t\t\t\t\t\t\t\t<a href=\"https:\/\/sadico.com.vn\/en\/bat-che-nang\/\" title=\"B\u1ea1t che n\u1eafng\" class=\"etww-grid-img\">\n\n\t\t\t\t\t\t\t\t\t\t\t\t<img loading=\"lazy\" decoding=\"async\" width=\"1081\" height=\"1821\" src=\"https:\/\/sadico.com.vn\/wp-content\/uploads\/2024\/01\/Bat-che-nang.jpg\" class=\"attachment-full size-full wp-post-image\" alt=\"B\u1ea1t che n\u1eafng\" itemprop=\"image\" srcset=\"https:\/\/sadico.com.vn\/wp-content\/uploads\/2024\/01\/Bat-che-nang.jpg 1081w, https:\/\/sadico.com.vn\/wp-content\/uploads\/2024\/01\/Bat-che-nang-178x300.jpg 178w, https:\/\/sadico.com.vn\/wp-content\/uploads\/2024\/01\/Bat-che-nang-608x1024.jpg 608w, https:\/\/sadico.com.vn\/wp-content\/uploads\/2024\/01\/Bat-che-nang-768x1294.jpg 768w, https:\/\/sadico.com.vn\/wp-content\/uploads\/2024\/01\/Bat-che-nang-912x1536.jpg 912w, https:\/\/sadico.com.vn\/wp-content\/uploads\/2024\/01\/Bat-che-nang-7x12.jpg 7w, https:\/\/sadico.com.vn\/wp-content\/uploads\/2024\/01\/Bat-che-nang-14x24.jpg 14w, https:\/\/sadico.com.vn\/wp-content\/uploads\/2024\/01\/Bat-che-nang-21x36.jpg 21w, https:\/\/sadico.com.vn\/wp-content\/uploads\/2024\/01\/Bat-che-nang-28x48.jpg 28w, https:\/\/sadico.com.vn\/wp-content\/uploads\/2024\/01\/Bat-che-nang-600x1011.jpg 600w\" sizes=\"(max-width: 1081px) 100vw, 1081px\" \/>\n\t\t\t\t\t\t\t\t\t\t\t\t<span class=\"overlay\">\n\t\t\t\t\t\t\t\t\t\t\t\t\t\t\t\t\t\t\t\t\t\t\t\t\t\t\t<span class=\"overlay-btn\">\n\t\t\t\t\t\t\t\t\t\t\t\t\t\t\tChi ti\u1ebft\t\t\t\t\t\t\t\t\t\t\t\t\t\t<\/span>\n\t\t\t\t\t\t\t\t\t\t\t\t\t\t\t\t\t\t\t\t\t\t\t\t\t<\/span>\n\n\t\t\t\t\t\t\t\t\t\t\t<\/a>\n\n\t\t\t\t\t\t\t\t\t\t\t\n\t\t\t\t\t\t\t\t\t\t<\/div><!-- .etww-grid-media -->\n\n\t\t\t\t\t\t\t\t\t\n\t\t\t\t\t\t\t\t\t\n\t\t\t\t\t\t\t\t\t\t<div class=\"etww-grid-details match-height-content clr\">\n\n\t\t\t\t\t\t\t\t\t\t\t\n\t\t\t\t\t\t\t\t\t\t\t\t<h2 class=\"etww-grid-title entry-title\">\n\t\t\t\t\t\t\t\t\t\t\t\t\t<a href=\"https:\/\/sadico.com.vn\/en\/bat-che-nang\/\" title=\"B\u1ea1t che n\u1eafng\">B\u1ea1t che n\u1eafng<\/a>\n\t\t\t\t\t\t\t\t\t\t\t\t<\/h2>\n\n\t\t\t\t\t\t\t\t\t\t\t\n\t\t\t\t\t\t\t\t\t\t\t\n\t\t\t\t\t\t\t\t\t\t<\/div><!-- .etww-grid-details -->\n\n\t\t\t\t\t\t\t\t\t\n\t\t\t\t\t\t\t\t\t\n\t\t\t\t\t\t\t\t<\/div>\n\n\t\t\t\t\t\t\t\n\t\t\t\t\t\t<\/article>\n\n\t\t\t\t\t\n\t\t\t\t\n\t\t\t<\/div><!-- .etww-blog-grid -->\n\t\t\t\t\n\t\t\t\n\t\t\t\n\t\t\t<\/div>\n\t\t\t\t<\/div>\n\t\t\t\t\t<\/div>\n\t\t\t\t<\/div>\n\t\t\t\t<\/div>\n\t\t","protected":false},"excerpt":{"rendered":"<p>C\u00e1c s\u1ea3n ph\u1ea9m kh\u00e1c c\u1ee7a SADICO C\u1ea7n Th\u01a1 Chi ti\u1ebft B\u00e0nh v\u00f5ng T\u00e2y \u0110\u00f4 Chi ti\u1ebft Cu\u1ed9n PP Chi ti\u1ebft Cu\u1ed9n PP m\u00e0u Chi ti\u1ebft B\u1ea1t ph\u1ee7 ch\u1ed1ng co Chi ti\u1ebft B\u1ea1t che n\u1eafng<\/p>","protected":false},"author":1,"featured_media":0,"parent":13,"menu_order":0,"comment_status":"closed","ping_status":"closed","template":"elementor_header_footer","meta":{"footnotes":""},"class_list":["post-4211","page","type-page","status-publish","hentry"],"rttpg_featured_image_url":null,"rttpg_author":{"display_name":"sdc","author_link":"https:\/\/sadico.com.vn\/en\/author\/sdc\/"},"rttpg_comment":0,"rttpg_category":"","rttpg_excerpt":"C\u00e1c s\u1ea3n ph\u1ea9m kh\u00e1c c\u1ee7a SADICO C\u1ea7n Th\u01a1 Chi ti\u1ebft B\u00e0nh v\u00f5ng T\u00e2y \u0110\u00f4 Chi ti\u1ebft Cu\u1ed9n PP Chi ti\u1ebft Cu\u1ed9n PP m\u00e0u Chi ti\u1ebft B\u1ea1t ph\u1ee7 ch\u1ed1ng co Chi ti\u1ebft B\u1ea1t che n\u1eafng","_links":{"self":[{"href":"https:\/\/sadico.com.vn\/en\/wp-json\/wp\/v2\/pages\/4211","targetHints":{"allow":["GET"]}}],"collection":[{"href":"https:\/\/sadico.com.vn\/en\/wp-json\/wp\/v2\/pages"}],"about":[{"href":"https:\/\/sadico.com.vn\/en\/wp-json\/wp\/v2\/types\/page"}],"author":[{"embeddable":true,"href":"https:\/\/sadico.com.vn\/en\/wp-json\/wp\/v2\/users\/1"}],"replies":[{"embeddable":true,"href":"https:\/\/sadico.com.vn\/en\/wp-json\/wp\/v2\/comments?post=4211"}],"version-history":[{"count":4,"href":"https:\/\/sadico.com.vn\/en\/wp-json\/wp\/v2\/pages\/4211\/revisions"}],"predecessor-version":[{"id":4237,"href":"https:\/\/sadico.com.vn\/en\/wp-json\/wp\/v2\/pages\/4211\/revisions\/4237"}],"up":[{"embeddable":true,"href":"https:\/\/sadico.com.vn\/en\/wp-json\/wp\/v2\/pages\/13"}],"wp:attachment":[{"href":"https:\/\/sadico.com.vn\/en\/wp-json\/wp\/v2\/media?parent=4211"}],"curies":[{"name":"wp","href":"https:\/\/api.w.org\/{rel}","templated":true}]}}