{"id":1123,"date":"2024-07-03T08:26:15","date_gmt":"2024-07-03T08:26:15","guid":{"rendered":"https:\/\/sadico.ximangtaydo.net\/?post_type=product&#038;p=1123"},"modified":"2025-04-11T22:59:05","modified_gmt":"2025-04-11T15:59:05","slug":"banh-vong","status":"publish","type":"product","link":"https:\/\/sadico.com.vn\/en\/product\/banh-vong\/","title":{"rendered":"B\u00c0NH V\u00d5NG"},"content":{"rendered":"","protected":false},"excerpt":{"rendered":"<p>B\u00c0NH V\u00d5NG (c\u00f2n \u0111\u01b0\u1ee3c g\u1ecdi l\u00e0 B\u1ea1t c\u1ea9u, V\u00f5ng c\u1ea9u, Sling bag): &#8211; D\u00f9ng cho vi\u1ec7c c\u1ea9u, v\u1eadn chuy\u1ec3n c\u00e1c lo\u1ea1i bao xi m\u0103ng, h\u00f3a ch\u1ea5t, g\u1ea1o, n\u00f4ng s\u1ea3n c\u00e1c lo\u1ea1i l\u00ean x\u00e0 lan, t\u00e0u ho\u1eb7c c\u00e1c ph\u01b0\u01a1ng ti\u1ec7n \u0111\u01b0\u1eddng b\u1ed9; T\u1ea3i tr\u1ecdng t\u1eeb 1 \u0111\u1ebfn 2 t\u1ea5n; C\u00f3 th\u1ec3 in \u1ea5n t\u1eeb 1 \u0111\u1ebfn 3 m\u00e0u t\u00f9y nhu c\u1ea7u c\u1ee7a kh\u00e1ch h\u00e0ng; Gi\u1ea3m thi\u1ec3u c\u00e1c chi ph\u00ed b\u1ed1c d\u1ee1, \u0111\u1eb7c bi\u1ec7t l\u00e0 chi ph\u00ed\u00a0 nh\u00e2n c\u00f4ng, d\u1ec5 s\u1eed d\u1ee5ng, t\u0103ng hi\u1ec7u qu\u1ea3 trong vi\u1ec7c v\u1eadn chuy\u1ec3n; V\u1edbi nhi\u1ec1u quy c\u00e1ch \u0111\u00e1p \u1ee9ng \u0111\u1ea7y \u0111\u1ee7 ti\u00eau ch\u00ed xu\u1ea5t kh\u1ea9u v\u1edbi gi\u00e1 c\u1ea3 c\u1ea1nh tranh.<\/p>","protected":false},"featured_media":1124,"comment_status":"open","ping_status":"closed","template":"","meta":[],"product_brand":[],"product_cat":[21],"product_tag":[],"class_list":{"0":"post-1123","1":"product","2":"type-product","3":"status-publish","4":"has-post-thumbnail","6":"product_cat-san-pham","8":"first","9":"instock","10":"shipping-taxable","11":"product-type-simple"},"_links":{"self":[{"href":"https:\/\/sadico.com.vn\/en\/wp-json\/wp\/v2\/product\/1123","targetHints":{"allow":["GET"]}}],"collection":[{"href":"https:\/\/sadico.com.vn\/en\/wp-json\/wp\/v2\/product"}],"about":[{"href":"https:\/\/sadico.com.vn\/en\/wp-json\/wp\/v2\/types\/product"}],"replies":[{"embeddable":true,"href":"https:\/\/sadico.com.vn\/en\/wp-json\/wp\/v2\/comments?post=1123"}],"wp:featuredmedia":[{"embeddable":true,"href":"https:\/\/sadico.com.vn\/en\/wp-json\/wp\/v2\/media\/1124"}],"wp:attachment":[{"href":"https:\/\/sadico.com.vn\/en\/wp-json\/wp\/v2\/media?parent=1123"}],"wp:term":[{"taxonomy":"product_brand","embeddable":true,"href":"https:\/\/sadico.com.vn\/en\/wp-json\/wp\/v2\/product_brand?post=1123"},{"taxonomy":"product_cat","embeddable":true,"href":"https:\/\/sadico.com.vn\/en\/wp-json\/wp\/v2\/product_cat?post=1123"},{"taxonomy":"product_tag","embeddable":true,"href":"https:\/\/sadico.com.vn\/en\/wp-json\/wp\/v2\/product_tag?post=1123"}],"curies":[{"name":"wp","href":"https:\/\/api.w.org\/{rel}","templated":true}]}}